{"id":2,"date":"2016-05-10T03:48:21","date_gmt":"2016-05-10T03:48:21","guid":{"rendered":"http:\/\/otterbacherhof.com\/?page_id=2"},"modified":"2023-09-03T07:11:11","modified_gmt":"2023-09-03T07:11:11","slug":"sample-page","status":"publish","type":"page","link":"https:\/\/otterbacherhof.com\/?page_id=2","title":{"rendered":"\u00dcber uns"},"content":{"rendered":"\n<p>Wir sind Linus und Jennifer Steinbach. Kennengelernt haben wir uns als frisch ausgebildete Landwirte auf einem Bauernhof im Vogelsberg. 12 Jahre sp\u00e4ter, mit drei T\u00f6chtern, neun Jahren Leben in Brandenburg und vielen Erfahrungen im Gep\u00e4ck, sind wir zur\u00fcckgekommen um den Otterbacherhof zu bewirtschaften.<\/p>\n\n\n\n<p>Seit Januar 2023 sind wir die neuen P\u00e4chter der Hessischen Staatsdom\u00e4ne und l\u00f6sen an dieser Stelle Familie M\u00fcller ab, die den Betrieb 25 Jahre bewirtschaftet hat.&nbsp;<\/p>\n\n\n\n<figure class=\"wp-block-image size-large\"><img decoding=\"async\" loading=\"lazy\" width=\"1024\" height=\"769\" src=\"https:\/\/otterbacherhof.com\/wp-content\/uploads\/2023\/09\/familie-1024x769.jpg\" alt=\"\" class=\"wp-image-77\" srcset=\"https:\/\/otterbacherhof.com\/wp-content\/uploads\/2023\/09\/familie-1024x769.jpg 1024w, https:\/\/otterbacherhof.com\/wp-content\/uploads\/2023\/09\/familie-300x225.jpg 300w, https:\/\/otterbacherhof.com\/wp-content\/uploads\/2023\/09\/familie-768x577.jpg 768w, https:\/\/otterbacherhof.com\/wp-content\/uploads\/2023\/09\/familie-1536x1154.jpg 1536w, https:\/\/otterbacherhof.com\/wp-content\/uploads\/2023\/09\/familie-2048x1539.jpg 2048w\" sizes=\"(max-width: 1024px) 100vw, 1024px\" \/><\/figure>\n","protected":false},"excerpt":{"rendered":"<p>Wir sind Linus und Jennifer Steinbach. Kennengelernt haben wir uns als frisch ausgebildete Landwirte auf einem Bauernhof im Vogelsberg. 12 Jahre sp\u00e4ter, mit drei T\u00f6chtern, neun Jahren Leben in Brandenburg und vielen Erfahrungen im Gep\u00e4ck, sind wir zur\u00fcckgekommen um den Otterbacherhof zu bewirtschaften. Seit Januar 2023 sind wir die neuen P\u00e4chter der Hessischen Staatsdom\u00e4ne und [&hellip;]<\/p>\n","protected":false},"author":1,"featured_media":0,"parent":0,"menu_order":0,"comment_status":"closed","ping_status":"open","template":"","meta":{"footnotes":""},"_links":{"self":[{"href":"https:\/\/otterbacherhof.com\/index.php?rest_route=\/wp\/v2\/pages\/2"}],"collection":[{"href":"https:\/\/otterbacherhof.com\/index.php?rest_route=\/wp\/v2\/pages"}],"about":[{"href":"https:\/\/otterbacherhof.com\/index.php?rest_route=\/wp\/v2\/types\/page"}],"author":[{"embeddable":true,"href":"https:\/\/otterbacherhof.com\/index.php?rest_route=\/wp\/v2\/users\/1"}],"replies":[{"embeddable":true,"href":"https:\/\/otterbacherhof.com\/index.php?rest_route=%2Fwp%2Fv2%2Fcomments&post=2"}],"version-history":[{"count":3,"href":"https:\/\/otterbacherhof.com\/index.php?rest_route=\/wp\/v2\/pages\/2\/revisions"}],"predecessor-version":[{"id":78,"href":"https:\/\/otterbacherhof.com\/index.php?rest_route=\/wp\/v2\/pages\/2\/revisions\/78"}],"wp:attachment":[{"href":"https:\/\/otterbacherhof.com\/index.php?rest_route=%2Fwp%2Fv2%2Fmedia&parent=2"}],"curies":[{"name":"wp","href":"https:\/\/api.w.org\/{rel}","templated":true}]}}