{"id":12,"date":"2023-08-26T10:37:48","date_gmt":"2023-08-26T10:37:48","guid":{"rendered":"https:\/\/otterbacherhof.com\/?page_id=12"},"modified":"2023-09-03T07:28:41","modified_gmt":"2023-09-03T07:28:41","slug":"dank","status":"publish","type":"page","link":"https:\/\/otterbacherhof.com\/?page_id=12","title":{"rendered":"Dank"},"content":{"rendered":"\n<p>Der Planet Erde ist unsere Lebensgrundlage, seine Pflege \u00fcberlebenswichtig f\u00fcr uns alle. Wem geh\u00f6ren Boden, Wasser, Luft? Eigentum an diesen Elementen ist in der Historie der Menschheit relativ neu, umso sch\u00f6ner f\u00fcr uns, dass sich der Otterbacherhof als Staatsdom\u00e4ne noch in kollektivem Eigentum befindet. Wir k\u00fcmmern uns als P\u00e4chter um ihn.<\/p>\n\n\n\n<p>Als Neugr\u00fcnder in der Landwirtschaft ist es besonders schwierig, die aktuellen Herausforderungen der Zeit zu meistern. Umso wichtiger ist es f\u00fcr uns, Unterst\u00fctzung und R\u00fcckhalt zu bekommen. Wir danken deshalb allen, die mit uns in Verbindung sind.<\/p>\n\n\n\n<figure class=\"wp-block-image size-large\"><img decoding=\"async\" loading=\"lazy\" width=\"1024\" height=\"768\" src=\"https:\/\/otterbacherhof.com\/wp-content\/uploads\/2023\/09\/dank-1-1024x768.jpg\" alt=\"\" class=\"wp-image-96\" srcset=\"https:\/\/otterbacherhof.com\/wp-content\/uploads\/2023\/09\/dank-1-1024x768.jpg 1024w, https:\/\/otterbacherhof.com\/wp-content\/uploads\/2023\/09\/dank-1-300x225.jpg 300w, https:\/\/otterbacherhof.com\/wp-content\/uploads\/2023\/09\/dank-1-768x576.jpg 768w, https:\/\/otterbacherhof.com\/wp-content\/uploads\/2023\/09\/dank-1-1536x1152.jpg 1536w, https:\/\/otterbacherhof.com\/wp-content\/uploads\/2023\/09\/dank-1-2048x1536.jpg 2048w\" sizes=\"(max-width: 1024px) 100vw, 1024px\" \/><\/figure>\n","protected":false},"excerpt":{"rendered":"<p>Der Planet Erde ist unsere Lebensgrundlage, seine Pflege \u00fcberlebenswichtig f\u00fcr uns alle. Wem geh\u00f6ren Boden, Wasser, Luft? Eigentum an diesen Elementen ist in der Historie der Menschheit relativ neu, umso sch\u00f6ner f\u00fcr uns, dass sich der Otterbacherhof als Staatsdom\u00e4ne noch in kollektivem Eigentum befindet. Wir k\u00fcmmern uns als P\u00e4chter um ihn. Als Neugr\u00fcnder in der [&hellip;]<\/p>\n","protected":false},"author":1,"featured_media":0,"parent":0,"menu_order":0,"comment_status":"closed","ping_status":"closed","template":"","meta":{"footnotes":""},"_links":{"self":[{"href":"https:\/\/otterbacherhof.com\/index.php?rest_route=\/wp\/v2\/pages\/12"}],"collection":[{"href":"https:\/\/otterbacherhof.com\/index.php?rest_route=\/wp\/v2\/pages"}],"about":[{"href":"https:\/\/otterbacherhof.com\/index.php?rest_route=\/wp\/v2\/types\/page"}],"author":[{"embeddable":true,"href":"https:\/\/otterbacherhof.com\/index.php?rest_route=\/wp\/v2\/users\/1"}],"replies":[{"embeddable":true,"href":"https:\/\/otterbacherhof.com\/index.php?rest_route=%2Fwp%2Fv2%2Fcomments&post=12"}],"version-history":[{"count":5,"href":"https:\/\/otterbacherhof.com\/index.php?rest_route=\/wp\/v2\/pages\/12\/revisions"}],"predecessor-version":[{"id":97,"href":"https:\/\/otterbacherhof.com\/index.php?rest_route=\/wp\/v2\/pages\/12\/revisions\/97"}],"wp:attachment":[{"href":"https:\/\/otterbacherhof.com\/index.php?rest_route=%2Fwp%2Fv2%2Fmedia&parent=12"}],"curies":[{"name":"wp","href":"https:\/\/api.w.org\/{rel}","templated":true}]}}